{"id":7,"date":"2022-01-31T09:32:41","date_gmt":"2022-01-31T09:32:41","guid":{"rendered":"https:\/\/boulenciel.com\/22\/?page_id=7"},"modified":"2024-03-21T08:34:19","modified_gmt":"2024-03-21T08:34:19","slug":"home","status":"publish","type":"page","link":"https:\/\/boulenciel.com\/22\/","title":{"rendered":"Home"},"content":{"rendered":"\t\t<div data-elementor-type=\"wp-page\" data-elementor-id=\"7\" class=\"elementor elementor-7\" data-elementor-post-type=\"page\">\n\t\t\t\t\t\t<section class=\"elementor-section elementor-top-section elementor-element elementor-element-125de967 elementor-section-boxed elementor-section-height-default elementor-section-height-default\" data-id=\"125de967\" data-element_type=\"section\" data-settings=\"{&quot;background_background&quot;:&quot;video&quot;,&quot;background_video_link&quot;:&quot;https:\\\/\\\/www.youtube.com\\\/watch?v=0HNQuVDvCMM&quot;,&quot;background_play_on_mobile&quot;:&quot;yes&quot;,&quot;background_privacy_mode&quot;:&quot;yes&quot;}\">\n\t\t\t\t\t\t\t\t<div class=\"elementor-background-video-container\">\n\t\t\t\t\t\t\t\t\t\t\t\t\t<div class=\"elementor-background-video-embed\"><\/div>\n\t\t\t\t\t\t\t\t\t\t\t\t<\/div>\n\t\t\t\t\t\t\t\t\t<div class=\"elementor-background-overlay\"><\/div>\n\t\t\t\t\t\t\t<div class=\"elementor-container elementor-column-gap-default\">\n\t\t\t\t\t<div class=\"elementor-column elementor-col-100 elementor-top-column elementor-element elementor-element-7fc92c1b\" data-id=\"7fc92c1b\" data-element_type=\"column\">\n\t\t\t<div class=\"elementor-widget-wrap elementor-element-populated\">\n\t\t\t\t\t\t<div class=\"elementor-element elementor-element-38752af5 animated-slow elementor-invisible elementor-widget elementor-widget-jkit_heading\" data-id=\"38752af5\" data-element_type=\"widget\" data-settings=\"{&quot;_animation&quot;:&quot;fadeInUp&quot;}\" data-widget_type=\"jkit_heading.default\">\n\t\t\t\t<div class=\"elementor-widget-container\">\n\t\t\t<div  class=\"jeg-elementor-kit jkit-heading  align-center align-tablet- align-mobile- jeg_module___69f73d5535ef4\" ><div class=\"heading-section-title  display-inline-block\"><h1 class=\"heading-title\">N\u00b01 de L&#039;\u00e9quilibrage <span class=\"style-color\"><span>boules de p\u00e9tanque et<\/span><\/span> boules lyonnaises<\/h1><\/div><\/div>\t\t<\/div>\n\t\t\t\t<\/div>\n\t\t\t\t<div class=\"elementor-element elementor-element-325949ce elementor-align-center animated-slow elementor-mobile-align-center elementor-invisible elementor-widget elementor-widget-button\" data-id=\"325949ce\" data-element_type=\"widget\" data-settings=\"{&quot;_animation&quot;:&quot;fadeInLeft&quot;}\" data-widget_type=\"button.default\">\n\t\t\t\t<div class=\"elementor-widget-container\">\n\t\t\t\t\t<div class=\"elementor-button-wrapper\">\n\t\t\t<a class=\"elementor-button elementor-button-link elementor-size-sm elementor-animation-float\" href=\"https:\/\/shopboulenciel.com\/\">\n\t\t\t\t\t\t<span class=\"elementor-button-content-wrapper\">\n\t\t\t\t\t\t\t\t\t<span class=\"elementor-button-text\">VOIR LE PRODUIT<\/span>\n\t\t\t\t\t<\/span>\n\t\t\t\t\t<\/a>\n\t\t<\/div>\n\t\t\t\t<\/div>\n\t\t\t\t<\/div>\n\t\t\t\t\t<\/div>\n\t\t<\/div>\n\t\t\t\t\t<\/div>\n\t\t<\/section>\n\t\t\t\t<section class=\"elementor-section elementor-top-section elementor-element elementor-element-325c0e4 elementor-section-boxed elementor-section-height-default elementor-section-height-default\" data-id=\"325c0e4\" data-element_type=\"section\">\n\t\t\t\t\t\t<div class=\"elementor-container elementor-column-gap-default\">\n\t\t\t\t\t<div class=\"elementor-column elementor-col-100 elementor-top-column elementor-element elementor-element-ada1652\" data-id=\"ada1652\" data-element_type=\"column\">\n\t\t\t<div class=\"elementor-widget-wrap elementor-element-populated\">\n\t\t\t\t\t\t<div class=\"elementor-element elementor-element-23829de elementor-widget elementor-widget-heading\" data-id=\"23829de\" data-element_type=\"widget\" data-widget_type=\"heading.default\">\n\t\t\t\t<div class=\"elementor-widget-container\">\n\t\t\t<h2 class=\"elementor-heading-title elementor-size-default\">News<\/h2>\t\t<\/div>\n\t\t\t\t<\/div>\n\t\t\t\t\t<\/div>\n\t\t<\/div>\n\t\t\t\t\t<\/div>\n\t\t<\/section>\n\t\t\t\t<section class=\"elementor-section elementor-top-section elementor-element elementor-element-183fb00 elementor-section-full_width elementor-section-height-default elementor-section-height-default\" data-id=\"183fb00\" data-element_type=\"section\">\n\t\t\t\t\t\t<div class=\"elementor-container elementor-column-gap-default\">\n\t\t\t\t\t<div class=\"elementor-column elementor-col-100 elementor-top-column elementor-element elementor-element-3a96403\" data-id=\"3a96403\" data-element_type=\"column\">\n\t\t\t<div class=\"elementor-widget-wrap elementor-element-populated\">\n\t\t\t\t\t\t<div class=\"elementor-element elementor-element-58701b2 elementor-grid-3 elementor-grid-tablet-2 elementor-grid-mobile-1 elementor-posts--thumbnail-top elementor-card-shadow-yes elementor-posts__hover-gradient elementor-widget elementor-widget-posts\" data-id=\"58701b2\" data-element_type=\"widget\" data-settings=\"{&quot;cards_columns&quot;:&quot;3&quot;,&quot;cards_columns_tablet&quot;:&quot;2&quot;,&quot;cards_columns_mobile&quot;:&quot;1&quot;,&quot;cards_row_gap&quot;:{&quot;unit&quot;:&quot;px&quot;,&quot;size&quot;:35,&quot;sizes&quot;:[]},&quot;cards_row_gap_tablet&quot;:{&quot;unit&quot;:&quot;px&quot;,&quot;size&quot;:&quot;&quot;,&quot;sizes&quot;:[]},&quot;cards_row_gap_mobile&quot;:{&quot;unit&quot;:&quot;px&quot;,&quot;size&quot;:&quot;&quot;,&quot;sizes&quot;:[]}}\" data-widget_type=\"posts.cards\">\n\t\t\t\t<div class=\"elementor-widget-container\">\n\t\t\t\t\t<div class=\"elementor-posts-container elementor-posts elementor-posts--skin-cards elementor-grid\">\n\t\t\t\t<article class=\"elementor-post elementor-grid-item post-529 post type-post status-publish format-standard has-post-thumbnail hentry category-news\">\n\t\t\t<div class=\"elementor-post__card\">\n\t\t\t\t<a class=\"elementor-post__thumbnail__link\" href=\"https:\/\/boulenciel.com\/22\/index.php\/2024\/06\/15\/premio-imprese-vincenti\/\" tabindex=\"-1\" ><div class=\"elementor-post__thumbnail\"><img fetchpriority=\"high\" decoding=\"async\" width=\"300\" height=\"300\" src=\"https:\/\/boulenciel.com\/22\/wp-content\/uploads\/2024\/06\/ImpreseVincenti5_Immagine_Quadrato-300x300.png\" class=\"attachment-medium size-medium wp-image-531\" alt=\"\" srcset=\"https:\/\/boulenciel.com\/22\/wp-content\/uploads\/2024\/06\/ImpreseVincenti5_Immagine_Quadrato-300x300.png 300w, https:\/\/boulenciel.com\/22\/wp-content\/uploads\/2024\/06\/ImpreseVincenti5_Immagine_Quadrato-1024x1024.png 1024w, https:\/\/boulenciel.com\/22\/wp-content\/uploads\/2024\/06\/ImpreseVincenti5_Immagine_Quadrato-150x150.png 150w, https:\/\/boulenciel.com\/22\/wp-content\/uploads\/2024\/06\/ImpreseVincenti5_Immagine_Quadrato-768x768.png 768w, https:\/\/boulenciel.com\/22\/wp-content\/uploads\/2024\/06\/ImpreseVincenti5_Immagine_Quadrato.png 1080w\" sizes=\"(max-width: 300px) 100vw, 300px\" \/><\/div><\/a>\n\t\t\t\t<div class=\"elementor-post__badge\">News<\/div>\n\t\t\t\t<div class=\"elementor-post__text\">\n\t\t\t\t<h3 class=\"elementor-post__title\">\n\t\t\t<a href=\"https:\/\/boulenciel.com\/22\/index.php\/2024\/06\/15\/premio-imprese-vincenti\/\" >\n\t\t\t\tPremio Imprese Vincenti\t\t\t<\/a>\n\t\t<\/h3>\n\t\t\t\t<div class=\"elementor-post__excerpt\">\n\t\t\t\t\t<\/div>\n\t\t\n\t\t<a class=\"elementor-post__read-more\" href=\"https:\/\/boulenciel.com\/22\/index.php\/2024\/06\/15\/premio-imprese-vincenti\/\" aria-label=\"Leggi tutto Premio Imprese Vincenti\" tabindex=\"-1\" >\n\t\t\tLeggi Tutto \u00bb\t\t<\/a>\n\n\t\t\t\t<\/div>\n\t\t\t\t<div class=\"elementor-post__meta-data\">\n\t\t\t\t\t<span class=\"elementor-post-date\">\n\t\t\tGiugno 15, 2024\t\t<\/span>\n\t\t\t\t<\/div>\n\t\t\t\t\t<\/div>\n\t\t<\/article>\n\t\t\t\t<article class=\"elementor-post elementor-grid-item post-523 post type-post status-publish format-standard has-post-thumbnail hentry category-news\">\n\t\t\t<div class=\"elementor-post__card\">\n\t\t\t\t<a class=\"elementor-post__thumbnail__link\" href=\"https:\/\/boulenciel.com\/22\/index.php\/2024\/04\/24\/promo-saint-vulbas-2024\/\" tabindex=\"-1\" ><div class=\"elementor-post__thumbnail\"><img decoding=\"async\" width=\"225\" height=\"300\" src=\"https:\/\/boulenciel.com\/22\/wp-content\/uploads\/2024\/04\/image0-225x300.jpg\" class=\"attachment-medium size-medium wp-image-525\" alt=\"\" srcset=\"https:\/\/boulenciel.com\/22\/wp-content\/uploads\/2024\/04\/image0-225x300.jpg 225w, https:\/\/boulenciel.com\/22\/wp-content\/uploads\/2024\/04\/image0-768x1024.jpg 768w, https:\/\/boulenciel.com\/22\/wp-content\/uploads\/2024\/04\/image0.jpg 1000w\" sizes=\"(max-width: 225px) 100vw, 225px\" \/><\/div><\/a>\n\t\t\t\t<div class=\"elementor-post__badge\">News<\/div>\n\t\t\t\t<div class=\"elementor-post__text\">\n\t\t\t\t<h3 class=\"elementor-post__title\">\n\t\t\t<a href=\"https:\/\/boulenciel.com\/22\/index.php\/2024\/04\/24\/promo-saint-vulbas-2024\/\" >\n\t\t\t\tPromo Saint Vulbas 2024\t\t\t<\/a>\n\t\t<\/h3>\n\t\t\t\t<div class=\"elementor-post__excerpt\">\n\t\t\t<p>IT Da venerd\u00ec 26 aprile alle ore 7:00 fino al 4 maggio alle ore 22:00, goditi uno sconto esclusivo del 15% su tutte le bocce<\/p>\n\t\t<\/div>\n\t\t\n\t\t<a class=\"elementor-post__read-more\" href=\"https:\/\/boulenciel.com\/22\/index.php\/2024\/04\/24\/promo-saint-vulbas-2024\/\" aria-label=\"Leggi tutto Promo Saint Vulbas 2024\" tabindex=\"-1\" >\n\t\t\tLeggi Tutto \u00bb\t\t<\/a>\n\n\t\t\t\t<\/div>\n\t\t\t\t<div class=\"elementor-post__meta-data\">\n\t\t\t\t\t<span class=\"elementor-post-date\">\n\t\t\tAprile 24, 2024\t\t<\/span>\n\t\t\t\t<\/div>\n\t\t\t\t\t<\/div>\n\t\t<\/article>\n\t\t\t\t<article class=\"elementor-post elementor-grid-item post-517 post type-post status-publish format-standard has-post-thumbnail hentry category-news\">\n\t\t\t<div class=\"elementor-post__card\">\n\t\t\t\t<a class=\"elementor-post__thumbnail__link\" href=\"https:\/\/boulenciel.com\/22\/index.php\/2024\/04\/08\/novita\/\" tabindex=\"-1\" ><div class=\"elementor-post__thumbnail\"><img decoding=\"async\" width=\"300\" height=\"300\" src=\"https:\/\/boulenciel.com\/22\/wp-content\/uploads\/2024\/04\/WhatsApp-Image-2024-04-08-at-12.03.52-300x300.jpg\" class=\"attachment-medium size-medium wp-image-518\" alt=\"\" srcset=\"https:\/\/boulenciel.com\/22\/wp-content\/uploads\/2024\/04\/WhatsApp-Image-2024-04-08-at-12.03.52-300x300.jpg 300w, https:\/\/boulenciel.com\/22\/wp-content\/uploads\/2024\/04\/WhatsApp-Image-2024-04-08-at-12.03.52-1024x1024.jpg 1024w, https:\/\/boulenciel.com\/22\/wp-content\/uploads\/2024\/04\/WhatsApp-Image-2024-04-08-at-12.03.52-150x150.jpg 150w, https:\/\/boulenciel.com\/22\/wp-content\/uploads\/2024\/04\/WhatsApp-Image-2024-04-08-at-12.03.52-768x767.jpg 768w, https:\/\/boulenciel.com\/22\/wp-content\/uploads\/2024\/04\/WhatsApp-Image-2024-04-08-at-12.03.52.jpg 1336w\" sizes=\"(max-width: 300px) 100vw, 300px\" \/><\/div><\/a>\n\t\t\t\t<div class=\"elementor-post__badge\">News<\/div>\n\t\t\t\t<div class=\"elementor-post__text\">\n\t\t\t\t<h3 class=\"elementor-post__title\">\n\t\t\t<a href=\"https:\/\/boulenciel.com\/22\/index.php\/2024\/04\/08\/novita\/\" >\n\t\t\t\tNovit\u00e0\t\t\t<\/a>\n\t\t<\/h3>\n\t\t\t\t<div class=\"elementor-post__excerpt\">\n\t\t\t<p>IT Per praticare la petanque su qualsiasi superficie, anche al chiuso, senza rischiare di danneggiare i pavimenti! Ogni pallina ha le dimensioni e il peso<\/p>\n\t\t<\/div>\n\t\t\n\t\t<a class=\"elementor-post__read-more\" href=\"https:\/\/boulenciel.com\/22\/index.php\/2024\/04\/08\/novita\/\" aria-label=\"Leggi tutto Novit\u00e0\" tabindex=\"-1\" >\n\t\t\tLeggi Tutto \u00bb\t\t<\/a>\n\n\t\t\t\t<\/div>\n\t\t\t\t<div class=\"elementor-post__meta-data\">\n\t\t\t\t\t<span class=\"elementor-post-date\">\n\t\t\tAprile 8, 2024\t\t<\/span>\n\t\t\t\t<\/div>\n\t\t\t\t\t<\/div>\n\t\t<\/article>\n\t\t\t\t<\/div>\n\t\t\n\t\t\t\t<\/div>\n\t\t\t\t<\/div>\n\t\t\t\t\t<\/div>\n\t\t<\/div>\n\t\t\t\t\t<\/div>\n\t\t<\/section>\n\t\t\t\t<section class=\"elementor-section elementor-top-section elementor-element elementor-element-52fe78af elementor-section-boxed elementor-section-height-default elementor-section-height-default\" data-id=\"52fe78af\" data-element_type=\"section\">\n\t\t\t\t\t\t<div class=\"elementor-container elementor-column-gap-default\">\n\t\t\t\t\t<div class=\"elementor-column elementor-col-50 elementor-top-column elementor-element elementor-element-13fd5786\" data-id=\"13fd5786\" data-element_type=\"column\">\n\t\t\t<div class=\"elementor-widget-wrap elementor-element-populated\">\n\t\t\t\t\t\t<div class=\"elementor-element elementor-element-268803ad elementor-widget elementor-widget-image\" data-id=\"268803ad\" data-element_type=\"widget\" data-widget_type=\"image.default\">\n\t\t\t\t<div class=\"elementor-widget-container\">\n\t\t\t\t\t\t\t\t\t\t\t\t\t<img decoding=\"async\" src=\"https:\/\/boulenciel.com\/22\/wp-content\/uploads\/elementor\/thumbs\/4iris-pjxld3i6b5bvnqz5gyxlchgp2otokazih59po106io.png\" title=\"4iris\" alt=\"4iris\" loading=\"lazy\" \/>\t\t\t\t\t\t\t\t\t\t\t\t\t<\/div>\n\t\t\t\t<\/div>\n\t\t\t\t<div class=\"elementor-element elementor-element-8063559 elementor-widget elementor-widget-image\" data-id=\"8063559\" data-element_type=\"widget\" data-widget_type=\"image.default\">\n\t\t\t\t<div class=\"elementor-widget-container\">\n\t\t\t\t\t\t\t\t\t\t\t\t\t<img decoding=\"async\" src=\"https:\/\/boulenciel.com\/22\/wp-content\/uploads\/elementor\/thumbs\/DSC_9985-pk9jpygkplvxseqe1ue6uwyzbqhn9wkdvolbydl534.jpg\" title=\"DSC_9985\" alt=\"DSC_9985\" loading=\"lazy\" \/>\t\t\t\t\t\t\t\t\t\t\t\t\t<\/div>\n\t\t\t\t<\/div>\n\t\t\t\t\t<\/div>\n\t\t<\/div>\n\t\t\t\t<div class=\"elementor-column elementor-col-50 elementor-top-column elementor-element elementor-element-6b0a21e7\" data-id=\"6b0a21e7\" data-element_type=\"column\">\n\t\t\t<div class=\"elementor-widget-wrap elementor-element-populated\">\n\t\t\t\t\t\t<section class=\"elementor-section elementor-inner-section elementor-element elementor-element-5dabaf07 elementor-section-boxed elementor-section-height-default elementor-section-height-default\" data-id=\"5dabaf07\" data-element_type=\"section\">\n\t\t\t\t\t\t<div class=\"elementor-container elementor-column-gap-no\">\n\t\t\t\t\t<div class=\"elementor-column elementor-col-100 elementor-inner-column elementor-element elementor-element-342732d7\" data-id=\"342732d7\" data-element_type=\"column\" data-settings=\"{&quot;background_background&quot;:&quot;classic&quot;}\">\n\t\t\t<div class=\"elementor-widget-wrap elementor-element-populated\">\n\t\t\t\t\t\t<div class=\"elementor-element elementor-element-1670e91b elementor-widget elementor-widget-heading\" data-id=\"1670e91b\" data-element_type=\"widget\" data-widget_type=\"heading.default\">\n\t\t\t\t<div class=\"elementor-widget-container\">\n\t\t\t<h2 class=\"elementor-heading-title elementor-size-default\">D\u00e9fi Boulenciel 2022<\/h2>\t\t<\/div>\n\t\t\t\t<\/div>\n\t\t\t\t<div class=\"elementor-element elementor-element-56610247 elementor-align-left elementor-mobile-align-left elementor-widget elementor-widget-button\" data-id=\"56610247\" data-element_type=\"widget\" data-widget_type=\"button.default\">\n\t\t\t\t<div class=\"elementor-widget-container\">\n\t\t\t\t\t<div class=\"elementor-button-wrapper\">\n\t\t\t<a class=\"elementor-button elementor-button-link elementor-size-sm elementor-animation-float\" href=\"https:\/\/boulenciel.com\/22\/index.php\/defi-boulenciel-2022\/\">\n\t\t\t\t\t\t<span class=\"elementor-button-content-wrapper\">\n\t\t\t\t\t\t<span class=\"elementor-button-icon\">\n\t\t\t\t<i aria-hidden=\"true\" class=\"fas fa-photo-video\"><\/i>\t\t\t<\/span>\n\t\t\t\t\t\t\t\t\t<span class=\"elementor-button-text\">photo et vid\u00e9o<\/span>\n\t\t\t\t\t<\/span>\n\t\t\t\t\t<\/a>\n\t\t<\/div>\n\t\t\t\t<\/div>\n\t\t\t\t<\/div>\n\t\t\t\t\t<\/div>\n\t\t<\/div>\n\t\t\t\t\t<\/div>\n\t\t<\/section>\n\t\t\t\t\t<\/div>\n\t\t<\/div>\n\t\t\t\t\t<\/div>\n\t\t<\/section>\n\t\t\t\t<section class=\"elementor-section elementor-top-section elementor-element elementor-element-49f86fb8 elementor-section-full_width elementor-section-height-default elementor-section-height-default\" data-id=\"49f86fb8\" data-element_type=\"section\">\n\t\t\t\t\t\t<div class=\"elementor-container elementor-column-gap-no\">\n\t\t\t\t\t<div class=\"elementor-column elementor-col-100 elementor-top-column elementor-element elementor-element-7d3afc5d\" data-id=\"7d3afc5d\" data-element_type=\"column\">\n\t\t\t<div class=\"elementor-widget-wrap elementor-element-populated\">\n\t\t\t\t\t\t<div class=\"elementor-element elementor-element-180df501 elementor-widget elementor-widget-heading\" data-id=\"180df501\" data-element_type=\"widget\" data-widget_type=\"heading.default\">\n\t\t\t\t<div class=\"elementor-widget-container\">\n\t\t\t<h2 class=\"elementor-heading-title elementor-size-default\">Team Boulenciel P\u00e9tanque<\/h2>\t\t<\/div>\n\t\t\t\t<\/div>\n\t\t\t\t<div class=\"elementor-element elementor-element-62708e9 elementor-widget elementor-widget-spacer\" data-id=\"62708e9\" data-element_type=\"widget\" data-widget_type=\"spacer.default\">\n\t\t\t\t<div class=\"elementor-widget-container\">\n\t\t\t\t\t<div class=\"elementor-spacer\">\n\t\t\t<div class=\"elementor-spacer-inner\"><\/div>\n\t\t<\/div>\n\t\t\t\t<\/div>\n\t\t\t\t<\/div>\n\t\t\t\t<section class=\"elementor-section elementor-inner-section elementor-element elementor-element-20c8542f elementor-section-full_width elementor-section-height-default elementor-section-height-default\" data-id=\"20c8542f\" data-element_type=\"section\">\n\t\t\t\t\t\t<div class=\"elementor-container elementor-column-gap-no\">\n\t\t\t\t\t<div class=\"elementor-column elementor-col-33 elementor-inner-column elementor-element elementor-element-102423ad\" data-id=\"102423ad\" data-element_type=\"column\">\n\t\t\t<div class=\"elementor-widget-wrap elementor-element-populated\">\n\t\t\t\t\t\t<div class=\"elementor-element elementor-element-6149aef5 elementor-widget elementor-widget-image\" data-id=\"6149aef5\" data-element_type=\"widget\" data-widget_type=\"image.default\">\n\t\t\t\t<div class=\"elementor-widget-container\">\n\t\t\t\t\t\t\t\t\t\t\t\t\t<img loading=\"lazy\" decoding=\"async\" width=\"1506\" height=\"1506\" src=\"https:\/\/boulenciel.com\/22\/wp-content\/uploads\/2022\/02\/244496808_6226991924038980_1524386959410349770_n-e1643809920609.jpeg\" class=\"attachment-full size-full wp-image-97\" alt=\"\" srcset=\"https:\/\/boulenciel.com\/22\/wp-content\/uploads\/2022\/02\/244496808_6226991924038980_1524386959410349770_n-e1643809920609.jpeg 1506w, https:\/\/boulenciel.com\/22\/wp-content\/uploads\/2022\/02\/244496808_6226991924038980_1524386959410349770_n-e1643809920609-300x300.jpeg 300w, https:\/\/boulenciel.com\/22\/wp-content\/uploads\/2022\/02\/244496808_6226991924038980_1524386959410349770_n-e1643809920609-1024x1024.jpeg 1024w, https:\/\/boulenciel.com\/22\/wp-content\/uploads\/2022\/02\/244496808_6226991924038980_1524386959410349770_n-e1643809920609-150x150.jpeg 150w, https:\/\/boulenciel.com\/22\/wp-content\/uploads\/2022\/02\/244496808_6226991924038980_1524386959410349770_n-e1643809920609-768x768.jpeg 768w\" sizes=\"(max-width: 1506px) 100vw, 1506px\" \/>\t\t\t\t\t\t\t\t\t\t\t\t\t<\/div>\n\t\t\t\t<\/div>\n\t\t\t\t\t<\/div>\n\t\t<\/div>\n\t\t\t\t<div class=\"elementor-column elementor-col-33 elementor-inner-column elementor-element elementor-element-2601b073\" data-id=\"2601b073\" data-element_type=\"column\" data-settings=\"{&quot;background_background&quot;:&quot;classic&quot;}\">\n\t\t\t<div class=\"elementor-widget-wrap elementor-element-populated\">\n\t\t\t\t\t<div class=\"elementor-background-overlay\"><\/div>\n\t\t\t\t\t\t<div class=\"elementor-element elementor-element-516bc308 jkit-equal-height-disable elementor-widget elementor-widget-jkit_icon_box\" data-id=\"516bc308\" data-element_type=\"widget\" data-widget_type=\"jkit_icon_box.default\">\n\t\t\t\t<div class=\"elementor-widget-container\">\n\t\t\t<div  class=\"jeg-elementor-kit jkit-icon-box icon-position- elementor-animation- jeg_module__1_69f73d5541538\" ><div class=\"jkit-icon-box-wrapper hover-from-left\"><div class=\"icon-box icon-box-header elementor-animation-\"><div class=\"icon style-color\"><\/div><\/div><div class=\"icon-box icon-box-body\">\n                <h3 class=\"title\">Diego Rizzi &amp; Saverio Amormino<\/h3><p class=\"icon-box-description\">Italie<\/p>\n            <\/div>\n            \n            <\/div><\/div>\t\t<\/div>\n\t\t\t\t<\/div>\n\t\t\t\t\t<\/div>\n\t\t<\/div>\n\t\t\t\t<div class=\"elementor-column elementor-col-33 elementor-inner-column elementor-element elementor-element-4d008e24\" data-id=\"4d008e24\" data-element_type=\"column\">\n\t\t\t<div class=\"elementor-widget-wrap elementor-element-populated\">\n\t\t\t\t\t\t<div class=\"elementor-element elementor-element-6a20f920 elementor-widget elementor-widget-image\" data-id=\"6a20f920\" data-element_type=\"widget\" data-widget_type=\"image.default\">\n\t\t\t\t<div class=\"elementor-widget-container\">\n\t\t\t\t\t\t\t\t\t\t\t\t\t<img decoding=\"async\" src=\"https:\/\/boulenciel.com\/22\/wp-content\/uploads\/elementor\/thumbs\/IMG_1144-e1643824107189-pjxiqpjn055c70g1bjk0b5sv64lag2kjdrohtykjzk.jpg\" title=\"IMG_1144\" alt=\"IMG_1144\" loading=\"lazy\" \/>\t\t\t\t\t\t\t\t\t\t\t\t\t<\/div>\n\t\t\t\t<\/div>\n\t\t\t\t\t<\/div>\n\t\t<\/div>\n\t\t\t\t\t<\/div>\n\t\t<\/section>\n\t\t\t\t<section class=\"elementor-section elementor-inner-section elementor-element elementor-element-5ba51dd8 elementor-section-full_width elementor-section-height-default elementor-section-height-default\" data-id=\"5ba51dd8\" data-element_type=\"section\">\n\t\t\t\t\t\t<div class=\"elementor-container elementor-column-gap-no\">\n\t\t\t\t\t<div class=\"elementor-column elementor-col-33 elementor-inner-column elementor-element elementor-element-69cd708f\" data-id=\"69cd708f\" data-element_type=\"column\" data-settings=\"{&quot;background_background&quot;:&quot;classic&quot;}\">\n\t\t\t<div class=\"elementor-widget-wrap elementor-element-populated\">\n\t\t\t\t\t<div class=\"elementor-background-overlay\"><\/div>\n\t\t\t\t\t\t<div class=\"elementor-element elementor-element-c1c6170 jkit-equal-height-disable elementor-widget elementor-widget-jkit_icon_box\" data-id=\"c1c6170\" data-element_type=\"widget\" data-widget_type=\"jkit_icon_box.default\">\n\t\t\t\t<div class=\"elementor-widget-container\">\n\t\t\t<div  class=\"jeg-elementor-kit jkit-icon-box icon-position- elementor-animation- jeg_module__2_69f73d5542cc2\" ><div class=\"jkit-icon-box-wrapper hover-from-left\"><div class=\"icon-box icon-box-header elementor-animation-\"><div class=\"icon style-color\"><\/div><\/div><div class=\"icon-box icon-box-body\">\n                <h3 class=\"title\">Cindy Peyrot<\/h3><p class=\"icon-box-description\">France<\/p>\n            <\/div>\n            \n            <\/div><\/div>\t\t<\/div>\n\t\t\t\t<\/div>\n\t\t\t\t\t<\/div>\n\t\t<\/div>\n\t\t\t\t<div class=\"elementor-column elementor-col-33 elementor-inner-column elementor-element elementor-element-2048d0fd\" data-id=\"2048d0fd\" data-element_type=\"column\">\n\t\t\t<div class=\"elementor-widget-wrap elementor-element-populated\">\n\t\t\t\t\t\t<div class=\"elementor-element elementor-element-488ab961 elementor-widget elementor-widget-image\" data-id=\"488ab961\" data-element_type=\"widget\" data-widget_type=\"image.default\">\n\t\t\t\t<div class=\"elementor-widget-container\">\n\t\t\t\t\t\t\t\t\t\t\t\t\t<img decoding=\"async\" src=\"https:\/\/boulenciel.com\/22\/wp-content\/uploads\/elementor\/thumbs\/IMG_1143-pjxigy01gqbd56jq65oz48ghxr0luo2ucssu3sehfk.jpg\" title=\"IMG_1143\" alt=\"IMG_1143\" loading=\"lazy\" \/>\t\t\t\t\t\t\t\t\t\t\t\t\t<\/div>\n\t\t\t\t<\/div>\n\t\t\t\t\t<\/div>\n\t\t<\/div>\n\t\t\t\t<div class=\"elementor-column elementor-col-33 elementor-inner-column elementor-element elementor-element-15c27dc5\" data-id=\"15c27dc5\" data-element_type=\"column\" data-settings=\"{&quot;background_background&quot;:&quot;classic&quot;}\">\n\t\t\t<div class=\"elementor-widget-wrap elementor-element-populated\">\n\t\t\t\t\t<div class=\"elementor-background-overlay\"><\/div>\n\t\t\t\t\t\t<div class=\"elementor-element elementor-element-1bc84d5 jkit-equal-height-disable elementor-widget elementor-widget-jkit_icon_box\" data-id=\"1bc84d5\" data-element_type=\"widget\" data-widget_type=\"jkit_icon_box.default\">\n\t\t\t\t<div class=\"elementor-widget-container\">\n\t\t\t<div  class=\"jeg-elementor-kit jkit-icon-box icon-position- elementor-animation- jeg_module__3_69f73d554402f\" ><div class=\"jkit-icon-box-wrapper hover-from-left\"><div class=\"icon-box icon-box-header elementor-animation-\"><div class=\"icon style-color\"><\/div><\/div><div class=\"icon-box icon-box-body\">\n                <h3 class=\"title\">Maiky Molinas<\/h3><p class=\"icon-box-description\">Suisse<\/p>\n            <\/div>\n            \n            <\/div><\/div>\t\t<\/div>\n\t\t\t\t<\/div>\n\t\t\t\t\t<\/div>\n\t\t<\/div>\n\t\t\t\t\t<\/div>\n\t\t<\/section>\n\t\t\t\t\t<\/div>\n\t\t<\/div>\n\t\t\t\t\t<\/div>\n\t\t<\/section>\n\t\t\t\t<\/div>\n\t\t","protected":false},"excerpt":{"rendered":"<p>N\u00b01 de L&#039;\u00e9quilibrage boules de p\u00e9tanque et boules lyonnaises VOIR LE PRODUIT News D\u00e9fi Boulenciel 2022 photo et vid\u00e9o Team Boulenciel P\u00e9tanque Diego Rizzi &amp; Saverio Amormino Italie Cindy Peyrot France Maiky Molinas Suisse<\/p>\n","protected":false},"author":1,"featured_media":0,"parent":0,"menu_order":0,"comment_status":"closed","ping_status":"closed","template":"","meta":{"footnotes":""},"_links":{"self":[{"href":"https:\/\/boulenciel.com\/22\/index.php\/wp-json\/wp\/v2\/pages\/7"}],"collection":[{"href":"https:\/\/boulenciel.com\/22\/index.php\/wp-json\/wp\/v2\/pages"}],"about":[{"href":"https:\/\/boulenciel.com\/22\/index.php\/wp-json\/wp\/v2\/types\/page"}],"author":[{"embeddable":true,"href":"https:\/\/boulenciel.com\/22\/index.php\/wp-json\/wp\/v2\/users\/1"}],"replies":[{"embeddable":true,"href":"https:\/\/boulenciel.com\/22\/index.php\/wp-json\/wp\/v2\/comments?post=7"}],"version-history":[{"count":85,"href":"https:\/\/boulenciel.com\/22\/index.php\/wp-json\/wp\/v2\/pages\/7\/revisions"}],"predecessor-version":[{"id":492,"href":"https:\/\/boulenciel.com\/22\/index.php\/wp-json\/wp\/v2\/pages\/7\/revisions\/492"}],"wp:attachment":[{"href":"https:\/\/boulenciel.com\/22\/index.php\/wp-json\/wp\/v2\/media?parent=7"}],"curies":[{"name":"wp","href":"https:\/\/api.w.org\/{rel}","templated":true}]}}